{"id":69,"date":"2024-08-19T10:52:20","date_gmt":"2024-08-19T10:52:20","guid":{"rendered":"https:\/\/malymikrokami.blog\/?page_id=69"},"modified":"2024-10-25T09:25:19","modified_gmt":"2024-10-25T09:25:19","slug":"podroze-po-swiecie","status":"publish","type":"page","link":"https:\/\/malymikrokami.blog\/index.php\/podroze-po-swiecie\/","title":{"rendered":"Podr\u00f3\u017ce po \u015bwiecie"},"content":{"rendered":"\n<div class=\"wp-block-query is-layout-flow wp-block-query-is-layout-flow\"><ul class=\"wp-block-post-template is-layout-flow wp-block-post-template-is-layout-flow\"><li class=\"wp-block-post post-186 post type-post status-publish format-standard has-post-thumbnail hentry tag-swiat\">\n\n<div class=\"wp-block-columns are-vertically-aligned-center is-layout-flex wp-container-core-columns-is-layout-28f84493 wp-block-columns-is-layout-flex\">\n<div class=\"wp-block-column is-vertically-aligned-center is-layout-flow wp-block-column-is-layout-flow\" style=\"flex-basis:25%\"><figure class=\"wp-block-post-featured-image\"><a href=\"https:\/\/malymikrokami.blog\/index.php\/2025\/07\/28\/wezuwiusz-wulkan-ktory-zachwyca\/\" target=\"_self\"  ><img loading=\"lazy\" decoding=\"async\" width=\"2560\" height=\"1920\" src=\"https:\/\/malymikrokami.blog\/wp-content\/uploads\/2025\/07\/20250424_190958-scaled.jpg\" class=\"attachment-post-thumbnail size-post-thumbnail wp-post-image\" alt=\"Wezuwiusz &#8211; wulkan, kt\u00f3ry zachwyca\" style=\"object-fit:cover;\" srcset=\"https:\/\/malymikrokami.blog\/wp-content\/uploads\/2025\/07\/20250424_190958-scaled.jpg 2560w, https:\/\/malymikrokami.blog\/wp-content\/uploads\/2025\/07\/20250424_190958-300x225.jpg 300w, https:\/\/malymikrokami.blog\/wp-content\/uploads\/2025\/07\/20250424_190958-1024x768.jpg 1024w, https:\/\/malymikrokami.blog\/wp-content\/uploads\/2025\/07\/20250424_190958-768x576.jpg 768w, https:\/\/malymikrokami.blog\/wp-content\/uploads\/2025\/07\/20250424_190958-1536x1152.jpg 1536w, https:\/\/malymikrokami.blog\/wp-content\/uploads\/2025\/07\/20250424_190958-2048x1536.jpg 2048w\" sizes=\"auto, (max-width: 2560px) 100vw, 2560px\" \/><\/a><\/figure><\/div>\n\n\n\n<div class=\"wp-block-column is-vertically-aligned-center is-layout-flow wp-block-column-is-layout-flow\" style=\"flex-basis:75%\"><h2 class=\"wp-block-post-title\"><a href=\"https:\/\/malymikrokami.blog\/index.php\/2025\/07\/28\/wezuwiusz-wulkan-ktory-zachwyca\/\" target=\"_self\" >Wezuwiusz &#8211; wulkan, kt\u00f3ry zachwyca<\/a><\/h2><\/div>\n<\/div>\n\n<\/li><li class=\"wp-block-post post-173 post type-post status-publish format-standard has-post-thumbnail hentry tag-swiat\">\n\n<div class=\"wp-block-columns are-vertically-aligned-center is-layout-flex wp-container-core-columns-is-layout-28f84493 wp-block-columns-is-layout-flex\">\n<div class=\"wp-block-column is-vertically-aligned-center is-layout-flow wp-block-column-is-layout-flow\" style=\"flex-basis:25%\"><figure class=\"wp-block-post-featured-image\"><a href=\"https:\/\/malymikrokami.blog\/index.php\/2025\/06\/25\/podziemny-neapol\/\" target=\"_self\"  ><img loading=\"lazy\" decoding=\"async\" width=\"1920\" height=\"2560\" src=\"https:\/\/malymikrokami.blog\/wp-content\/uploads\/2025\/06\/1000018351-scaled.jpg\" class=\"attachment-post-thumbnail size-post-thumbnail wp-post-image\" alt=\"Podziemny Neapol\" style=\"object-fit:cover;\" srcset=\"https:\/\/malymikrokami.blog\/wp-content\/uploads\/2025\/06\/1000018351-scaled.jpg 1920w, https:\/\/malymikrokami.blog\/wp-content\/uploads\/2025\/06\/1000018351-225x300.jpg 225w, https:\/\/malymikrokami.blog\/wp-content\/uploads\/2025\/06\/1000018351-768x1024.jpg 768w, https:\/\/malymikrokami.blog\/wp-content\/uploads\/2025\/06\/1000018351-1152x1536.jpg 1152w, https:\/\/malymikrokami.blog\/wp-content\/uploads\/2025\/06\/1000018351-1536x2048.jpg 1536w\" sizes=\"auto, (max-width: 1920px) 100vw, 1920px\" \/><\/a><\/figure><\/div>\n\n\n\n<div class=\"wp-block-column is-vertically-aligned-center is-layout-flow wp-block-column-is-layout-flow\" style=\"flex-basis:75%\"><h2 class=\"wp-block-post-title\"><a href=\"https:\/\/malymikrokami.blog\/index.php\/2025\/06\/25\/podziemny-neapol\/\" target=\"_self\" >Podziemny Neapol<\/a><\/h2><\/div>\n<\/div>\n\n<\/li><\/ul><\/div>\n","protected":false},"excerpt":{"rendered":"","protected":false},"author":2,"featured_media":0,"parent":0,"menu_order":0,"comment_status":"closed","ping_status":"closed","template":"","meta":{"footnotes":""},"class_list":["post-69","page","type-page","status-publish","hentry"],"_links":{"self":[{"href":"https:\/\/malymikrokami.blog\/index.php\/wp-json\/wp\/v2\/pages\/69","targetHints":{"allow":["GET"]}}],"collection":[{"href":"https:\/\/malymikrokami.blog\/index.php\/wp-json\/wp\/v2\/pages"}],"about":[{"href":"https:\/\/malymikrokami.blog\/index.php\/wp-json\/wp\/v2\/types\/page"}],"author":[{"embeddable":true,"href":"https:\/\/malymikrokami.blog\/index.php\/wp-json\/wp\/v2\/users\/2"}],"replies":[{"embeddable":true,"href":"https:\/\/malymikrokami.blog\/index.php\/wp-json\/wp\/v2\/comments?post=69"}],"version-history":[{"count":4,"href":"https:\/\/malymikrokami.blog\/index.php\/wp-json\/wp\/v2\/pages\/69\/revisions"}],"predecessor-version":[{"id":109,"href":"https:\/\/malymikrokami.blog\/index.php\/wp-json\/wp\/v2\/pages\/69\/revisions\/109"}],"wp:attachment":[{"href":"https:\/\/malymikrokami.blog\/index.php\/wp-json\/wp\/v2\/media?parent=69"}],"curies":[{"name":"wp","href":"https:\/\/api.w.org\/{rel}","templated":true}]}}