{"id":46,"date":"2024-08-19T10:01:06","date_gmt":"2024-08-19T10:01:06","guid":{"rendered":"https:\/\/malymikrokami.blog\/?page_id=46"},"modified":"2024-10-25T11:28:19","modified_gmt":"2024-10-25T11:28:19","slug":"blog","status":"publish","type":"page","link":"https:\/\/malymikrokami.blog\/index.php\/blog\/","title":{"rendered":"Blog"},"content":{"rendered":"\n<div class=\"wp-block-columns is-layout-flex wp-container-core-columns-is-layout-28f84493 wp-block-columns-is-layout-flex\">\n<div class=\"wp-block-column is-layout-flow wp-container-core-column-is-layout-8a368f38 wp-block-column-is-layout-flow\" style=\"flex-basis:100%\">\n<div class=\"wp-block-query is-layout-constrained wp-block-query-is-layout-constrained\"><ul class=\"wp-block-post-template is-layout-flow wp-block-post-template-is-layout-flow\"><li class=\"wp-block-post post-1 post type-post status-publish format-standard has-post-thumbnail hentry category-o-autorze tag-blog\">\n<h2 style=\"font-size:30px;font-style:normal;font-weight:300; margin-top:1rem;margin-bottom:1rem;\" class=\"has-link-color wp-elements-4f1ab80409d90b12c3cd7dc8ad4deaf4 wp-block-post-title has-text-color has-primary-color\"><a href=\"https:\/\/malymikrokami.blog\/index.php\/2024\/06\/09\/hello-world\/\" target=\"_self\" >Jak podr\u00f3\u017cowa\u0107 i nie zwariowa\u0107? \u015aladami Kami ma\u0142ymi krokami<\/a><\/h2>\n\n<figure class=\"wp-block-post-featured-image\"><a href=\"https:\/\/malymikrokami.blog\/index.php\/2024\/06\/09\/hello-world\/\" target=\"_self\"  ><img loading=\"lazy\" decoding=\"async\" width=\"1080\" height=\"1080\" src=\"https:\/\/malymikrokami.blog\/wp-content\/uploads\/2024\/06\/IMG_20221113_123001_756.webp\" class=\"attachment-post-thumbnail size-post-thumbnail wp-post-image\" alt=\"Jak podr\u00f3\u017cowa\u0107 i nie zwariowa\u0107? \u015aladami Kami ma\u0142ymi krokami\" style=\"object-fit:cover;\" srcset=\"https:\/\/malymikrokami.blog\/wp-content\/uploads\/2024\/06\/IMG_20221113_123001_756.webp 1080w, https:\/\/malymikrokami.blog\/wp-content\/uploads\/2024\/06\/IMG_20221113_123001_756-300x300.webp 300w, https:\/\/malymikrokami.blog\/wp-content\/uploads\/2024\/06\/IMG_20221113_123001_756-1024x1024.webp 1024w, https:\/\/malymikrokami.blog\/wp-content\/uploads\/2024\/06\/IMG_20221113_123001_756-150x150.webp 150w, https:\/\/malymikrokami.blog\/wp-content\/uploads\/2024\/06\/IMG_20221113_123001_756-768x768.webp 768w\" sizes=\"auto, (max-width: 1080px) 100vw, 1080px\" \/><\/a><\/figure>\n\n<div class=\"wp-block-post-excerpt\"><p class=\"wp-block-post-excerpt__excerpt\">Drodzy Podr\u00f3\u017cnicy, witajcie na moim blogu, na kt\u00f3rym to w\u0142a\u015bnie ma\u0142ymi kroKami b\u0119d\u0119 pokazywa\u0107 Wam m\u00f3j spos\u00f3b na podr\u00f3\u017cowanie. Przez 5 lat studiowa\u0142am dziennikarstwo, ca\u0142y czas jestem ciekawa \u015bwiata, wi\u0119c&hellip; <\/p><\/div>\n\n\n<div class=\"wp-block-group is-layout-flex wp-block-group-is-layout-flex\"><div style=\"font-style:normal;font-weight:400;\" class=\"wp-block-post-date has-small-font-size\"><time datetime=\"2024-06-09T18:17:29+00:00\">June 9, 2024<\/time><\/div>\n\n<div class=\"taxonomy-category wp-block-post-terms has-small-font-size\"><a href=\"https:\/\/malymikrokami.blog\/index.php\/category\/o-autorze\/\" rel=\"tag\">O autorze<\/a><\/div>\n\n<div class=\"taxonomy-post_tag wp-block-post-terms has-small-font-size\"><a href=\"https:\/\/malymikrokami.blog\/index.php\/tag\/blog\/\" rel=\"tag\">blog<\/a><\/div><\/div>\n\n<\/li><\/ul>\n\n<\/div>\n<\/div>\n<\/div>\n","protected":false},"excerpt":{"rendered":"","protected":false},"author":2,"featured_media":0,"parent":0,"menu_order":1,"comment_status":"closed","ping_status":"closed","template":"","meta":{"footnotes":""},"class_list":["post-46","page","type-page","status-publish","hentry"],"_links":{"self":[{"href":"https:\/\/malymikrokami.blog\/index.php\/wp-json\/wp\/v2\/pages\/46","targetHints":{"allow":["GET"]}}],"collection":[{"href":"https:\/\/malymikrokami.blog\/index.php\/wp-json\/wp\/v2\/pages"}],"about":[{"href":"https:\/\/malymikrokami.blog\/index.php\/wp-json\/wp\/v2\/types\/page"}],"author":[{"embeddable":true,"href":"https:\/\/malymikrokami.blog\/index.php\/wp-json\/wp\/v2\/users\/2"}],"replies":[{"embeddable":true,"href":"https:\/\/malymikrokami.blog\/index.php\/wp-json\/wp\/v2\/comments?post=46"}],"version-history":[{"count":16,"href":"https:\/\/malymikrokami.blog\/index.php\/wp-json\/wp\/v2\/pages\/46\/revisions"}],"predecessor-version":[{"id":159,"href":"https:\/\/malymikrokami.blog\/index.php\/wp-json\/wp\/v2\/pages\/46\/revisions\/159"}],"wp:attachment":[{"href":"https:\/\/malymikrokami.blog\/index.php\/wp-json\/wp\/v2\/media?parent=46"}],"curies":[{"name":"wp","href":"https:\/\/api.w.org\/{rel}","templated":true}]}}